{"id":15,"date":"2018-01-15T14:15:48","date_gmt":"2018-01-15T14:15:48","guid":{"rendered":"http:\/\/dev.cdefogapi.pe\/?page_id=15"},"modified":"2025-02-13T11:01:30","modified_gmt":"2025-02-13T16:01:30","slug":"calculadora","status":"publish","type":"page","link":"https:\/\/www.fogapi.net\/calculadora\/","title":{"rendered":"Calculadora"},"content":{"rendered":"<p>[et_pb_section][et_pb_row][et_pb_column type=\u00bb4_4&#8243;][et_pb_text]<\/p>\n<p>Dos tipos de gastos deben ser cubiertos para obtener su Carta Fianza:<\/p>\n<p><strong>Referidos a la Garant\u00eda:<\/strong>\u00a0Los Gastos Notariales, Registrales, costo de Tasaci\u00f3n y Seguro,<br \/>\nson variables de acuerdo al tipo de\u00a0garant\u00eda que ofrecer\u00e1 el cliente, y la ubicaci\u00f3n del<br \/>\nbien. Cont\u00e1ctese con nosotros y podremos alcanzarle los costos\u00a0estimados para su<br \/>\noperaci\u00f3n.<\/p>\n<p><strong>Comisi\u00f3n:<\/strong> Selecciona el tipo de Moneda.<\/p>\n<p>El c\u00e1lculo efectuado corresponde a las comisiones que se generan, seg\u00fan el plazo y<br \/>\nmonto de la fianza.<\/p>\n<p><strong>Tu comisi\u00f3n aproximada es:<\/strong><\/p>\n<p>[\/et_pb_text][\/et_pb_column][\/et_pb_row][\/et_pb_section]<\/p>\n","protected":false},"excerpt":{"rendered":"<p>Dos tipos de gastos deben ser cubiertos para obtener&#8230;<\/p>\n","protected":false},"author":5,"featured_media":0,"parent":0,"menu_order":21,"comment_status":"closed","ping_status":"closed","template":"templates\/calculadora.php","meta":{"_et_pb_use_builder":"on","_et_pb_old_content":"<p>Dos tipos de gastos deben ser cubiertos para obtener su Carta Fianza:<\/p><p><strong>Referidos a la Garant\u00eda:<\/strong>\u00a0Los Gastos Notariales, Registrales, costo de Tasaci\u00f3n y Seguro,<br \/>son variables de acuerdo al tipo de\u00a0garant\u00eda que ofrecer\u00e1 el cliente, y la ubicaci\u00f3n del<br \/>bien. Cont\u00e1ctese con nosotros y podremos alcanzarle los costos\u00a0estimados para su<br \/>operaci\u00f3n.<\/p><p><strong>Comisi\u00f3n:<\/strong> Selecciona el tipo de Moneda.<\/p><p>El c\u00e1lculo efectuado corresponde a las comisiones que se generan, seg\u00fan el plazo y<br \/>monto de la fianza.<\/p><p><strong>Tu comisi\u00f3n aproximada es:<\/strong><\/p>","_et_gb_content_width":"","footnotes":""},"class_list":["post-15","page","type-page","status-publish","hentry"],"_links":{"self":[{"href":"https:\/\/www.fogapi.net\/wp-json\/wp\/v2\/pages\/15","targetHints":{"allow":["GET"]}}],"collection":[{"href":"https:\/\/www.fogapi.net\/wp-json\/wp\/v2\/pages"}],"about":[{"href":"https:\/\/www.fogapi.net\/wp-json\/wp\/v2\/types\/page"}],"author":[{"embeddable":true,"href":"https:\/\/www.fogapi.net\/wp-json\/wp\/v2\/users\/5"}],"replies":[{"embeddable":true,"href":"https:\/\/www.fogapi.net\/wp-json\/wp\/v2\/comments?post=15"}],"version-history":[{"count":2,"href":"https:\/\/www.fogapi.net\/wp-json\/wp\/v2\/pages\/15\/revisions"}],"predecessor-version":[{"id":42844,"href":"https:\/\/www.fogapi.net\/wp-json\/wp\/v2\/pages\/15\/revisions\/42844"}],"wp:attachment":[{"href":"https:\/\/www.fogapi.net\/wp-json\/wp\/v2\/media?parent=15"}],"curies":[{"name":"wp","href":"https:\/\/api.w.org\/{rel}","templated":true}]}}